{"id":3427,"date":"2025-04-08T06:27:11","date_gmt":"2025-04-08T04:27:11","guid":{"rendered":"https:\/\/www.friendsproduction.cz\/?page_id=3427"},"modified":"2025-06-27T09:00:26","modified_gmt":"2025-06-27T07:00:26","slug":"contact","status":"publish","type":"page","link":"https:\/\/www.friendsproduction.cz\/en\/contact\/","title":{"rendered":"Contact"},"content":{"rendered":"\t\t<div data-elementor-type=\"wp-page\" data-elementor-id=\"3427\" class=\"elementor elementor-3427 elementor-258\" data-elementor-post-type=\"page\">\n\t\t\t\t<div class=\"elementor-element elementor-element-3d79b7a e-flex e-con-boxed e-con e-parent\" data-id=\"3d79b7a\" data-element_type=\"container\" data-e-type=\"container\" data-settings=\"{&quot;background_background&quot;:&quot;classic&quot;}\">\n\t\t\t\t\t<div class=\"e-con-inner\">\n\t\t<div class=\"elementor-element elementor-element-1c1b0f8 e-con-full e-flex e-con e-child\" data-id=\"1c1b0f8\" data-element_type=\"container\" data-e-type=\"container\">\n\t\t\t\t<\/div>\n\t\t<div class=\"elementor-element elementor-element-01ca92d e-con-full e-flex e-con e-child\" data-id=\"01ca92d\" data-element_type=\"container\" data-e-type=\"container\">\n\t\t\t\t<div class=\"elementor-element elementor-element-7061a60 elementor-widget elementor-widget-jet-listing-grid\" data-id=\"7061a60\" data-element_type=\"widget\" data-e-type=\"widget\" data-settings=\"{&quot;columns&quot;:&quot;3&quot;,&quot;columns_mobile&quot;:&quot;1&quot;}\" data-widget_type=\"jet-listing-grid.default\">\n\t\t\t\t\t<div class=\"jet-listing-grid jet-listing\"><div class=\"jet-listing-grid__items grid-col-desk-3 grid-col-tablet-3 grid-col-mobile-1 jet-listing-grid--1310 jet-equal-columns__wrapper grid-collapse-gap\" data-queried-id=\"3427|WP_Post\" data-nav=\"{&quot;enabled&quot;:false,&quot;type&quot;:null,&quot;more_el&quot;:null,&quot;query&quot;:[],&quot;widget_settings&quot;:{&quot;lisitng_id&quot;:1310,&quot;posts_num&quot;:99,&quot;columns&quot;:3,&quot;columns_tablet&quot;:3,&quot;columns_mobile&quot;:1,&quot;column_min_width&quot;:240,&quot;column_min_width_tablet&quot;:240,&quot;column_min_width_mobile&quot;:240,&quot;inline_columns_css&quot;:false,&quot;is_archive_template&quot;:&quot;&quot;,&quot;post_status&quot;:[&quot;publish&quot;],&quot;use_random_posts_num&quot;:&quot;&quot;,&quot;max_posts_num&quot;:9,&quot;not_found_message&quot;:&quot;No data was found&quot;,&quot;is_masonry&quot;:false,&quot;equal_columns_height&quot;:&quot;yes&quot;,&quot;use_load_more&quot;:&quot;&quot;,&quot;load_more_id&quot;:&quot;&quot;,&quot;load_more_type&quot;:&quot;click&quot;,&quot;load_more_offset&quot;:{&quot;unit&quot;:&quot;px&quot;,&quot;size&quot;:0,&quot;sizes&quot;:[]},&quot;use_custom_post_types&quot;:&quot;&quot;,&quot;custom_post_types&quot;:[],&quot;hide_widget_if&quot;:&quot;&quot;,&quot;carousel_enabled&quot;:&quot;&quot;,&quot;slides_to_scroll&quot;:&quot;1&quot;,&quot;arrows&quot;:&quot;true&quot;,&quot;arrow_icon&quot;:&quot;fa fa-angle-left&quot;,&quot;dots&quot;:&quot;&quot;,&quot;autoplay&quot;:&quot;true&quot;,&quot;pause_on_hover&quot;:&quot;true&quot;,&quot;autoplay_speed&quot;:5000,&quot;infinite&quot;:&quot;true&quot;,&quot;center_mode&quot;:&quot;&quot;,&quot;effect&quot;:&quot;slide&quot;,&quot;speed&quot;:500,&quot;inject_alternative_items&quot;:&quot;&quot;,&quot;injection_items&quot;:[],&quot;scroll_slider_enabled&quot;:&quot;&quot;,&quot;scroll_slider_on&quot;:[&quot;desktop&quot;,&quot;tablet&quot;,&quot;mobile&quot;],&quot;custom_query&quot;:false,&quot;custom_query_id&quot;:&quot;&quot;,&quot;_element_id&quot;:&quot;&quot;,&quot;collapse_first_last_gap&quot;:&quot;true&quot;,&quot;list_tag_selection&quot;:&quot;&quot;,&quot;list_items_wrapper_tag&quot;:&quot;div&quot;,&quot;list_item_tag&quot;:&quot;div&quot;,&quot;empty_items_wrapper_tag&quot;:&quot;div&quot;}}\" data-page=\"1\" data-pages=\"1\" data-listing-source=\"posts\" data-listing-id=\"1310\" data-query-id=\"\"><div class=\"jet-listing-grid__item jet-listing-dynamic-post-3021 jet-equal-columns\" data-post-id=\"3021\"  >\t\t<div data-elementor-type=\"jet-listing-items\" data-elementor-id=\"3049\" class=\"elementor elementor-3049 elementor-1310\" data-elementor-post-type=\"jet-engine\">\n\t\t\t\t<div class=\"elementor-element elementor-element-a7d5620 e-flex e-con-boxed e-con e-parent\" data-id=\"a7d5620\" data-element_type=\"container\" data-e-type=\"container\">\n\t\t\t\t\t<div class=\"e-con-inner\">\n\t\t\t\t<div class=\"elementor-element elementor-element-5201998 elementor-widget elementor-widget-heading\" data-id=\"5201998\" data-element_type=\"widget\" data-e-type=\"widget\" data-widget_type=\"heading.default\">\n\t\t\t\t\t<h3 class=\"elementor-heading-title elementor-size-default\">FRIENDS Studio Production, s.r.o.<\/h3>\t\t\t\t<\/div>\n\t\t\t\t<div class=\"elementor-element elementor-element-e6c2cf5 elementor-widget elementor-widget-jet-listing-dynamic-field\" data-id=\"e6c2cf5\" data-element_type=\"widget\" data-e-type=\"widget\" data-widget_type=\"jet-listing-dynamic-field.default\">\n\t\t\t\t\t<div class=\"jet-listing-dynamic-field__replacement-wrap\"><span class=\"jet-listing-dynamic-field__content\" ><p>Vinohradska 3217\/167<br \/>\nStrasnice, 100 00 Prague 10<br \/>\nCzechia<\/p>\n<p>VAT: 09070915<\/p>\n<\/span><\/div>\t\t\t\t<\/div>\n\t\t\t\t<div class=\"elementor-element elementor-element-f8327e0 jedv-enabled--yes team-link elementor-widget elementor-widget-heading\" data-id=\"f8327e0\" data-element_type=\"widget\" data-e-type=\"widget\" data-widget_type=\"heading.default\">\n\t\t\t\t\t<p class=\"elementor-heading-title elementor-size-default\"><a href=\"mailto:info@friendsproduction.cz\">info@friendsproduction.cz<\/a><\/p>\t\t\t\t<\/div>\n\t\t\t\t\t<\/div>\n\t\t\t\t<\/div>\n\t\t\t\t<\/div>\n\t\t<\/div><div class=\"jet-listing-grid__item jet-listing-dynamic-post-3047 jet-equal-columns\" data-post-id=\"3047\"  >\t\t<div data-elementor-type=\"jet-listing-items\" data-elementor-id=\"3049\" class=\"elementor elementor-3049 elementor-1310\" data-elementor-post-type=\"jet-engine\">\n\t\t\t\t<div class=\"elementor-element elementor-element-a7d5620 e-flex e-con-boxed e-con e-parent\" data-id=\"a7d5620\" data-element_type=\"container\" data-e-type=\"container\">\n\t\t\t\t\t<div class=\"e-con-inner\">\n\t\t\t\t<div class=\"elementor-element elementor-element-2f435fe elementor-widget elementor-widget-image\" data-id=\"2f435fe\" data-element_type=\"widget\" data-e-type=\"widget\" data-widget_type=\"image.default\">\n\t\t\t\t\t\t\t\t\t\t\t\t\t\t\t<img fetchpriority=\"high\" decoding=\"async\" width=\"400\" height=\"400\" src=\"https:\/\/www.friendsproduction.cz\/wp-content\/uploads\/2025\/04\/friends-zuzana-palous-seifertova.jpg\" class=\" attachment-full size-full wp-image-3190\" alt=\"\" srcset=\"https:\/\/www.friendsproduction.cz\/wp-content\/uploads\/2025\/04\/friends-zuzana-palous-seifertova.jpg 400w, https:\/\/www.friendsproduction.cz\/wp-content\/uploads\/2025\/04\/friends-zuzana-palous-seifertova-300x300.jpg 300w, https:\/\/www.friendsproduction.cz\/wp-content\/uploads\/2025\/04\/friends-zuzana-palous-seifertova-150x150.jpg 150w\" sizes=\"(max-width: 400px) 100vw, 400px\" \/>\t\t\t\t\t\t\t\t\t\t\t\t\t\t\t<\/div>\n\t\t\t\t<div class=\"elementor-element elementor-element-5201998 elementor-widget elementor-widget-heading\" data-id=\"5201998\" data-element_type=\"widget\" data-e-type=\"widget\" data-widget_type=\"heading.default\">\n\t\t\t\t\t<h3 class=\"elementor-heading-title elementor-size-default\">Zuzana Palou\u0161 Seifertov\u00e1<\/h3>\t\t\t\t<\/div>\n\t\t\t\t<div class=\"elementor-element elementor-element-218b8b2 jedv-enabled--yes elementor-widget elementor-widget-heading\" data-id=\"218b8b2\" data-element_type=\"widget\" data-e-type=\"widget\" data-widget_type=\"heading.default\">\n\t\t\t\t\t<h4 class=\"elementor-heading-title elementor-size-default\">Executive Producer<\/h4>\t\t\t\t<\/div>\n\t\t\t\t<div class=\"elementor-element elementor-element-f8327e0 jedv-enabled--yes team-link elementor-widget elementor-widget-heading\" data-id=\"f8327e0\" data-element_type=\"widget\" data-e-type=\"widget\" data-widget_type=\"heading.default\">\n\t\t\t\t\t<p class=\"elementor-heading-title elementor-size-default\"><a href=\"mailto:zuzana.palous@friendsproduction.cz\">zuzana.palous@friendsproduction.cz<\/a><\/p>\t\t\t\t<\/div>\n\t\t\t\t<div class=\"elementor-element elementor-element-7aba830 jedv-enabled--yes team-link elementor-widget elementor-widget-heading\" data-id=\"7aba830\" data-element_type=\"widget\" data-e-type=\"widget\" data-widget_type=\"heading.default\">\n\t\t\t\t\t<p class=\"elementor-heading-title elementor-size-default\"><a href=\"tel:+420%20606%20639%20254\">+420 606 639 254<\/a><\/p>\t\t\t\t<\/div>\n\t\t\t\t\t<\/div>\n\t\t\t\t<\/div>\n\t\t\t\t<\/div>\n\t\t<\/div><div class=\"jet-listing-grid__item jet-listing-dynamic-post-3048 jet-equal-columns\" data-post-id=\"3048\"  >\t\t<div data-elementor-type=\"jet-listing-items\" data-elementor-id=\"3049\" class=\"elementor elementor-3049 elementor-1310\" data-elementor-post-type=\"jet-engine\">\n\t\t\t\t<div class=\"elementor-element elementor-element-a7d5620 e-flex e-con-boxed e-con e-parent\" data-id=\"a7d5620\" data-element_type=\"container\" data-e-type=\"container\">\n\t\t\t\t\t<div class=\"e-con-inner\">\n\t\t\t\t<div class=\"elementor-element elementor-element-2f435fe elementor-widget elementor-widget-image\" data-id=\"2f435fe\" data-element_type=\"widget\" data-e-type=\"widget\" data-widget_type=\"image.default\">\n\t\t\t\t\t\t\t\t\t\t\t\t\t\t\t<img decoding=\"async\" width=\"400\" height=\"400\" src=\"https:\/\/www.friendsproduction.cz\/wp-content\/uploads\/2025\/04\/friends-jiri-sadek.jpg\" class=\" attachment-full size-full wp-image-3192\" alt=\"\" srcset=\"https:\/\/www.friendsproduction.cz\/wp-content\/uploads\/2025\/04\/friends-jiri-sadek.jpg 400w, https:\/\/www.friendsproduction.cz\/wp-content\/uploads\/2025\/04\/friends-jiri-sadek-300x300.jpg 300w, https:\/\/www.friendsproduction.cz\/wp-content\/uploads\/2025\/04\/friends-jiri-sadek-150x150.jpg 150w\" sizes=\"(max-width: 400px) 100vw, 400px\" \/>\t\t\t\t\t\t\t\t\t\t\t\t\t\t\t<\/div>\n\t\t\t\t<div class=\"elementor-element elementor-element-5201998 elementor-widget elementor-widget-heading\" data-id=\"5201998\" data-element_type=\"widget\" data-e-type=\"widget\" data-widget_type=\"heading.default\">\n\t\t\t\t\t<h3 class=\"elementor-heading-title elementor-size-default\">Ji\u0159\u00ed S\u00e1dek<\/h3>\t\t\t\t<\/div>\n\t\t\t\t<div class=\"elementor-element elementor-element-218b8b2 jedv-enabled--yes elementor-widget elementor-widget-heading\" data-id=\"218b8b2\" data-element_type=\"widget\" data-e-type=\"widget\" data-widget_type=\"heading.default\">\n\t\t\t\t\t<h4 class=\"elementor-heading-title elementor-size-default\">Creative Producer<\/h4>\t\t\t\t<\/div>\n\t\t\t\t<div class=\"elementor-element elementor-element-f8327e0 jedv-enabled--yes team-link elementor-widget elementor-widget-heading\" data-id=\"f8327e0\" data-element_type=\"widget\" data-e-type=\"widget\" data-widget_type=\"heading.default\">\n\t\t\t\t\t<p class=\"elementor-heading-title elementor-size-default\"><a href=\"mailto:jiri.sadek@friendsproduction.cz\">jiri.sadek@friendsproduction.cz<\/a><\/p>\t\t\t\t<\/div>\n\t\t\t\t<div class=\"elementor-element elementor-element-7aba830 jedv-enabled--yes team-link elementor-widget elementor-widget-heading\" data-id=\"7aba830\" data-element_type=\"widget\" data-e-type=\"widget\" data-widget_type=\"heading.default\">\n\t\t\t\t\t<p class=\"elementor-heading-title elementor-size-default\"><a href=\"tel:+420%20776%20156%20111\">+420 776 156 111<\/a><\/p>\t\t\t\t<\/div>\n\t\t\t\t\t<\/div>\n\t\t\t\t<\/div>\n\t\t\t\t<\/div>\n\t\t<\/div><\/div><\/div>\t\t\t\t<\/div>\n\t\t\t\t<\/div>\n\t\t<div class=\"elementor-element elementor-element-8d0f9bf e-con-full e-flex e-con e-child\" data-id=\"8d0f9bf\" data-element_type=\"container\" data-e-type=\"container\">\n\t\t\t\t<div class=\"elementor-element elementor-element-81f286f elementor-widget elementor-widget-heading\" data-id=\"81f286f\" data-element_type=\"widget\" data-e-type=\"widget\" data-widget_type=\"heading.default\">\n\t\t\t\t\t<h2 class=\"elementor-heading-title elementor-size-default\">Contact Us<\/h2>\t\t\t\t<\/div>\n\t\t\t\t<div class=\"elementor-element elementor-element-25c80e5 kon-frm elementor-widget elementor-widget-jet-form-builder-form\" data-id=\"25c80e5\" data-element_type=\"widget\" data-e-type=\"widget\" data-widget_type=\"jet-form-builder-form.default\">\n\t\t\t\t<div class=\"elementor-widget-container\">\n\t\t\t\t\t<link rel='stylesheet' id='wp-block-library-css' href='https:\/\/www.friendsproduction.cz\/wp-includes\/css\/dist\/block-library\/style.min.css?ver=6.7.2' media='all' \/>\n<link rel=\"preconnect\" href=\"https:\/\/fonts.gstatic.com\"><style id=\"jet-form-builder-3014-inline-css\">.jet-sm-gb-5a5ebd65-89d1-4ffb-9aca-01a32bf02e48 .jet-form-builder__desc.jet-form-builder__desc.jet-form-builder__desc{background-color: ;} .jet-sm-gb-8248db69-3a79-4b48-9e95-0b15edb90920 .jet-form-builder__desc.jet-form-builder__desc.jet-form-builder__desc{background-color: ;} .jet-sm-gb-3b57724c-2bf0-47e3-994d-da5c65ae3ac7 .jet-form-builder__desc.jet-form-builder__desc.jet-form-builder__desc{background-color: ;} .jet-sm-gb-baa5a99c-0f26-4df3-981a-b1c86a77220d .jet-form-builder__desc.jet-form-builder__desc.jet-form-builder__desc{background-color: ;} .jet-sm-gb-4cdcba6f-09ad-438b-aadc-fa0fba6e0e32 .jet-form-builder__action-button:hover:not(:disabled){background-color: ;} <\/style><form  class=\"jet-form-builder layout-column submit-type-ajax\" action=\"https:\/\/www.friendsproduction.cz\/en\/wp-json\/wp\/v2\/pages\/3427\/?P00G9s=H7x4P5G6ZJ61&amp;method=reload\" method=\"POST\" data-form-id=\"3014\" data-layout=\"column\" enctype=\"multipart\/form-data\" data-clear=\"1\" novalidate=\"null\" ssr_validation_method=\"rest\"><input type=\"hidden\" id=\"_wpnonce\" name=\"_wpnonce\" value=\"b636df23a2\" \/><input type=\"hidden\" name=\"_wp_http_referer\" value=\"\/en\/wp-json\/wp\/v2\/pages\/3427\" \/>\r\n<input type=\"hidden\" name=\"_jfb_current_render_states[]\" value=\"DEFAULT.STATE\" data-jfb-sync \/><input type=\"hidden\" class=\"jet-form-builder__field hidden-field\" name=\"_jet_engine_booking_form_id\" data-field-name=\"_jet_engine_booking_form_id\" value=\"3014\">\n<input type=\"hidden\" class=\"jet-form-builder__field hidden-field\" name=\"_jet_engine_refer\" data-field-name=\"_jet_engine_refer\" value=\"https:\/\/www.friendsproduction.cz\/en\/wp-json\/wp\/v2\/pages\/3427\/\">\n<input type=\"hidden\" class=\"jet-form-builder__field hidden-field\" name=\"__queried_post_id\" data-field-name=\"__queried_post_id\" value=\"3427\">\n\n<input type=\"hidden\" class=\"jet-form-builder__field hidden-field\" name=\"post_title\" data-field-name=\"post_title\" data-jfb-sync=\"null\" value=\"Contact\">\n\n\n\n<div class=\" jet-sm-gb-wrapper jet-sm-gb-5a5ebd65-89d1-4ffb-9aca-01a32bf02e48\" data-block-id=\"jet-sm-gb-5a5ebd65-89d1-4ffb-9aca-01a32bf02e48\" ><div  class=\"jet-form-builder-row field-type-text-field\" >\n<div class=\"jet-form-builder__label\">\r\n<div class=\"jet-form-builder__label-text\">Your Name <span class=\"jet-form-builder__required\">*<\/span><\/div><\/div><div class=\"jet-form-builder__field-wrap\">\n\t\t\t\t<input required=\"required\" name=\"k_name\" id=\"k_name\" type=\"text\" data-field-name=\"k_name\" class=\"jet-form-builder__field text-field\" data-jfb-sync=\"null\" autocomplete=\"off_7sWVXP6i\">\n\t\t\t\t\t<\/div>\n<\/div><\/div>\n\n<div class=\" jet-sm-gb-wrapper jet-sm-gb-8248db69-3a79-4b48-9e95-0b15edb90920\" data-block-id=\"jet-sm-gb-8248db69-3a79-4b48-9e95-0b15edb90920\" ><div  class=\"jet-form-builder-row field-type-text-field\" >\n<div class=\"jet-form-builder__label\">\r\n<div class=\"jet-form-builder__label-text\">Your Email <span class=\"jet-form-builder__required\">*<\/span><\/div><\/div><div class=\"jet-form-builder__field-wrap\">\n\t\t\t\t<input required=\"required\" name=\"k_email\" id=\"k_email\" type=\"email\" data-field-name=\"k_email\" class=\"jet-form-builder__field text-field\" data-jfb-sync=\"null\" autocomplete=\"off_QKYtJe4r\">\n\t\t\t\t\t<\/div>\n<\/div><\/div>\n\n<div class=\" jet-sm-gb-wrapper jet-sm-gb-3b57724c-2bf0-47e3-994d-da5c65ae3ac7\" data-block-id=\"jet-sm-gb-3b57724c-2bf0-47e3-994d-da5c65ae3ac7\" ><div  class=\"jet-form-builder-row field-type-text-field\" >\n<div class=\"jet-form-builder__label\">\r\n<div class=\"jet-form-builder__label-text\">Your Phone <span class=\"jet-form-builder__required\">*<\/span><\/div><\/div><div class=\"jet-form-builder__field-wrap\">\n\t\t\t\t<input required=\"required\" name=\"k_phone\" id=\"k_phone\" type=\"text\" data-field-name=\"k_phone\" class=\"jet-form-builder__field text-field\" data-jfb-sync=\"null\" autocomplete=\"off_19kQfhbp\">\n\t\t\t\t\t<\/div>\n<\/div><\/div>\n\n<div class=\" jet-sm-gb-wrapper jet-sm-gb-baa5a99c-0f26-4df3-981a-b1c86a77220d\" data-block-id=\"jet-sm-gb-baa5a99c-0f26-4df3-981a-b1c86a77220d\" ><div  class=\"jet-form-builder-row field-type-textarea-field\" >\n<div class=\"jet-form-builder__label\">\r\n<div class=\"jet-form-builder__label-text\">Message \/ Inquiry <span class=\"jet-form-builder__required\">*<\/span><\/div><\/div><div class=\"jet-form-builder__field-wrap\">\n\t\t<textarea class=\"jet-form-builder__field textarea-field\" required=\"required\" name=\"k_dotaz\" data-field-name=\"k_dotaz\" id=\"k_dotaz\" data-jfb-sync=\"null\"><\/textarea>\n\t<\/div>\n<\/div><\/div>\n\n\n<p class=\"kon-cons has-small-font-size\">By sending a message you agree to the <a href=\"https:\/\/www.iprima.cz\/podminky-uzivani\" data-type=\"page\" data-id=\"3\" target=\"_blank\" rel=\"noreferrer noopener\">processing of your personal data<\/a>.<\/p>\n\n\n<div class=\" jet-sm-gb-wrapper jet-sm-gb-4cdcba6f-09ad-438b-aadc-fa0fba6e0e32\" data-block-id=\"jet-sm-gb-4cdcba6f-09ad-438b-aadc-fa0fba6e0e32\" ><input type=\"hidden\" class=\"captcha-token\" name=\"_captcha_token\" value=\"\"\/><div  class=\"jet-form-builder-row field-type-submit-field\" >\n\t<div data-type=\"submit\" class=\"jet-form-builder__action-button-wrapper jet-form-builder__submit-wrap\">\n\t<button class=\"jet-form-builder__action-button jet-form-builder__submit submit-type-ajax\" type=\"submit\">Submit<\/button>\n\t<\/div>\n\t\n<\/div><\/div>\t<div class=\"jet-form-builder-messages-wrap\" data-form-id=\"3014\"><\/div>\n<\/form>\n\t\t\t\t<\/div>\n\t\t\t\t<\/div>\n\t\t\t\t<\/div>\n\t\t\t\t\t<\/div>\n\t\t\t\t<\/div>\n\t\t\t\t<\/div>\n\t\t","protected":false},"excerpt":{"rendered":"<p>Vinohradsk\u00e1 3217\/167 Stra\u0161nice, 100 00 Praha 10 \u010cesk\u00e1 republika Contact Us Your Name * Your Email * Your Phone * Message \/ Inquiry * By sending a message you agree to the processing of your personal data. Submit<\/p>\n","protected":false},"author":1,"featured_media":0,"parent":0,"menu_order":0,"comment_status":"closed","ping_status":"closed","template":"","meta":{"_jet_sm_ready_style":"","_jet_sm_style":"","_jet_sm_controls_values":"","_jet_sm_fonts_collection":"","_jet_sm_fonts_links":"","footnotes":""},"class_list":["post-3427","page","type-page","status-publish","hentry"],"_links":{"self":[{"href":"https:\/\/www.friendsproduction.cz\/en\/wp-json\/wp\/v2\/pages\/3427","targetHints":{"allow":["GET"]}}],"collection":[{"href":"https:\/\/www.friendsproduction.cz\/en\/wp-json\/wp\/v2\/pages"}],"about":[{"href":"https:\/\/www.friendsproduction.cz\/en\/wp-json\/wp\/v2\/types\/page"}],"author":[{"embeddable":true,"href":"https:\/\/www.friendsproduction.cz\/en\/wp-json\/wp\/v2\/users\/1"}],"replies":[{"embeddable":true,"href":"https:\/\/www.friendsproduction.cz\/en\/wp-json\/wp\/v2\/comments?post=3427"}],"version-history":[{"count":0,"href":"https:\/\/www.friendsproduction.cz\/en\/wp-json\/wp\/v2\/pages\/3427\/revisions"}],"wp:attachment":[{"href":"https:\/\/www.friendsproduction.cz\/en\/wp-json\/wp\/v2\/media?parent=3427"}],"curies":[{"name":"wp","href":"https:\/\/api.w.org\/{rel}","templated":true}]}}